{"id":3122,"date":"2024-03-09T22:33:14","date_gmt":"2024-03-09T19:33:14","guid":{"rendered":"https:\/\/biahposter.com\/?page_id=3122"},"modified":"2026-03-12T10:36:24","modified_gmt":"2026-03-12T07:36:24","slug":"deadlines","status":"publish","type":"page","link":"https:\/\/biahposter.com\/tr\/deadlines\/","title":{"rendered":"Son Teslim Tarihleri"},"content":{"rendered":"<p>[et_pb_section fb_built=&#8221;1&#8243; _builder_version=&#8221;4.27.5&#8243; _module_preset=&#8221;default&#8221; background_color=&#8221;#D1EEFF&#8221; custom_padding=&#8221;0px||0px||false|false&#8221; border_width_bottom=&#8221;2px&#8221; border_color_bottom=&#8221;#000000&#8243; global_module=&#8221;2960&#8243; global_colors_info=&#8221;{}&#8221;][et_pb_row _builder_version=&#8221;4.24.2&#8243; _module_preset=&#8221;default&#8221; global_colors_info=&#8221;{}&#8221;][et_pb_column type=&#8221;4_4&#8243; _builder_version=&#8221;4.24.2&#8243; _module_preset=&#8221;default&#8221; global_colors_info=&#8221;{}&#8221;][et_pb_menu active_link_color=&#8221;#333333&#8243; dropdown_menu_bg_color=&#8221;#D1EEFF&#8221; dropdown_menu_line_color=&#8221;#333333&#8243; dropdown_menu_text_color=&#8221;#333333&#8243; dropdown_menu_active_link_color=&#8221;#333333&#8243; mobile_menu_bg_color=&#8221;#D1EEFF&#8221; mobile_menu_text_color=&#8221;#333333&#8243; cart_icon_color=&#8221;#333333&#8243; search_icon_color=&#8221;#333333&#8243; menu_icon_color=&#8221;#333333&#8243; _builder_version=&#8221;4.27.6&#8243; _module_preset=&#8221;default&#8221; menu_font=&#8221;|600|||||||&#8221; menu_text_color=&#8221;#333333&#8243; menu_font_size=&#8221;17px&#8221; background_color=&#8221;RGBA(255,255,255,0)&#8221; global_colors_info=&#8221;{}&#8221;][\/et_pb_menu][\/et_pb_column][\/et_pb_row][\/et_pb_section][et_pb_section fb_built=&#8221;1&#8243; custom_padding_last_edited=&#8221;on|phone&#8221; _builder_version=&#8221;4.27.5&#8243; _module_preset=&#8221;default&#8221; background_color=&#8221;#F2F2F2&#8243; custom_padding=&#8221;40px||40px||true|&#8221; custom_padding_tablet=&#8221;40px||40px||true|&#8221; custom_padding_phone=&#8221;15px||15px||true|false&#8221; border_width_bottom=&#8221;2px&#8221; border_color_bottom=&#8221;#000000&#8243; global_colors_info=&#8221;{}&#8221;][et_pb_row _builder_version=&#8221;4.27.4&#8243; _module_preset=&#8221;default&#8221; global_colors_info=&#8221;{}&#8221;][et_pb_column type=&#8221;4_4&#8243; _builder_version=&#8221;4.27.4&#8243; _module_preset=&#8221;default&#8221; global_colors_info=&#8221;{}&#8221;][et_pb_text _builder_version=&#8221;4.27.5&#8243; _module_preset=&#8221;default&#8221; text_font=&#8221;Space Grotesk|700|||||||&#8221; text_text_color=&#8221;#333333&#8243; text_font_size=&#8221;51px&#8221; text_letter_spacing=&#8221;-2px&#8221; text_font_size_tablet=&#8221;58px&#8221; text_font_size_phone=&#8221;46px&#8221; text_font_size_last_edited=&#8221;on|phone&#8221; global_colors_info=&#8221;{}&#8221;]<\/p>\n<p>Deadlines<\/p>\n<p>[\/et_pb_text][\/et_pb_column][\/et_pb_row][\/et_pb_section][et_pb_section fb_built=&#8221;1&#8243; _builder_version=&#8221;4.18.0&#8243; _module_preset=&#8221;default&#8221; custom_margin=&#8221;39px|||||&#8221; custom_padding=&#8221;0px||120px|||&#8221; global_colors_info=&#8221;{}&#8221;][et_pb_row _builder_version=&#8221;4.27.4&#8243; _module_preset=&#8221;default&#8221; custom_margin_tablet=&#8221;&#8221; custom_margin_phone=&#8221;-7px||||false|false&#8221; custom_margin_last_edited=&#8221;on|phone&#8221; custom_padding=&#8221;14px||6px|||&#8221; global_colors_info=&#8221;{}&#8221;][et_pb_column type=&#8221;4_4&#8243; _builder_version=&#8221;4.18.0&#8243; _module_preset=&#8221;default&#8221; global_colors_info=&#8221;{}&#8221;][et_pb_text _builder_version=&#8221;4.27.6&#8243; _module_preset=&#8221;default&#8221; text_text_color=&#8221;#333333&#8243; text_font_size=&#8221;22px&#8221; text_line_height=&#8221;1.4em&#8221; custom_padding=&#8221;||45px|||&#8221; hover_enabled=&#8221;0&#8243; text_font_size_tablet=&#8221;22px&#8221; text_font_size_phone=&#8221;16px&#8221; text_font_size_last_edited=&#8221;on|phone&#8221; text_line_height_tablet=&#8221;1.4em&#8221; text_line_height_phone=&#8221;1.8em&#8221; text_line_height_last_edited=&#8221;on|phone&#8221; global_colors_info=&#8221;{}&#8221; sticky_enabled=&#8221;0&#8243;]<\/p>\n<p><strong>Submission Phase:<\/strong> Apr.\u00a0 1 &#8211; Nov. 1, 2026<\/p>\n<p><strong>Voting Phase:<\/strong> November 3-6, 2026<\/p>\n<p><strong>List of Selected Artists:<\/strong> November 7, 2025<\/p>\n<p><strong>Digital Catalogue:<\/strong> till November 9, 2026<\/p>\n<p><strong>Sending Certificates:<\/strong> till November 15, 2026<\/p>\n<p><strong>Exhibition:<\/strong> December 1-8, 2026<\/p>\n<p>[\/et_pb_text][\/et_pb_column][\/et_pb_row][\/et_pb_section][et_pb_section fb_built=&#8221;1&#8243; _builder_version=&#8221;4.27.5&#8243; _module_preset=&#8221;default&#8221; background_color=&#8221;#E3F5FF&#8221; border_width_top=&#8221;2px&#8221; border_color_top=&#8221;#000000&#8243; global_module=&#8221;2915&#8243; saved_tabs=&#8221;all&#8221; global_colors_info=&#8221;{}&#8221;][et_pb_row column_structure=&#8221;1_4,3_4&#8243; _builder_version=&#8221;4.24.2&#8243; _module_preset=&#8221;default&#8221; global_colors_info=&#8221;{}&#8221;][et_pb_column type=&#8221;1_4&#8243; _builder_version=&#8221;4.24.2&#8243; _module_preset=&#8221;default&#8221; global_colors_info=&#8221;{}&#8221;][et_pb_image src=&#8221;https:\/\/biahposter.com\/wp-content\/uploads\/2024\/03\/tell-logo.webp&#8221; title_text=&#8221;tell-logo&#8221; _builder_version=&#8221;4.27.5&#8243; _module_preset=&#8221;default&#8221; width=&#8221;69%&#8221; max_width=&#8221;62%&#8221; module_alignment=&#8221;left&#8221; custom_margin_tablet=&#8221;&#8221; custom_margin_phone=&#8221;-25px||||false|false&#8221; custom_margin_last_edited=&#8221;on|phone&#8221; filter_brightness=&#8221;114%&#8221; filter_contrast=&#8221;200%&#8221; filter_invert=&#8221;100%&#8221; global_colors_info=&#8221;{}&#8221;][\/et_pb_image][\/et_pb_column][et_pb_column type=&#8221;3_4&#8243; _builder_version=&#8221;4.24.2&#8243; _module_preset=&#8221;default&#8221; global_colors_info=&#8221;{}&#8221;][et_pb_text _builder_version=&#8221;4.27.5&#8243; _module_preset=&#8221;default&#8221; text_text_color=&#8221;#333333&#8243; text_font_size=&#8221;16px&#8221; text_line_height=&#8221;1.5em&#8221; text_orientation=&#8221;center&#8221; custom_margin=&#8221;13px||auto||false|false&#8221; custom_margin_tablet=&#8221;auto||auto||false|false&#8221; custom_margin_phone=&#8221;1px||-23px||false|false&#8221; custom_margin_last_edited=&#8221;on|phone&#8221; custom_padding=&#8221;||0px||false|false&#8221; text_letter_spacing_tablet=&#8221;&#8221; text_letter_spacing_phone=&#8221;0px&#8221; text_letter_spacing_last_edited=&#8221;on|phone&#8221; text_line_height_tablet=&#8221;0.7em&#8221; text_line_height_phone=&#8221;2.5em&#8221; text_line_height_last_edited=&#8221;on|phone&#8221; locked=&#8221;off&#8221; global_colors_info=&#8221;{}&#8221;]<\/p>\n<p style=\"text-align: left;\"><span>This poster competition is organized independently of the United Nations and non-profit to contribute to the awareness of Sustainable Development.<\/span><\/p>\n<p>[\/et_pb_text][\/et_pb_column][\/et_pb_row][\/et_pb_section][et_pb_section fb_built=&#8221;1&#8243; disabled_on=&#8221;off|off|off&#8221; _builder_version=&#8221;4.27.6&#8243; _module_preset=&#8221;default&#8221; background_color=&#8221;#333333&#8243; custom_padding=&#8221;0px||0px|||&#8221; link_option_url=&#8221;https:\/\/biahposter.com\/?r3d=2021&#8243; border_width_top=&#8221;2px&#8221; border_color_top=&#8221;#000000&#8243; global_module=&#8221;2916&#8243; saved_tabs=&#8221;all&#8221; locked=&#8221;off&#8221; global_colors_info=&#8221;{}&#8221;][et_pb_row column_structure=&#8221;1_3,1_3,1_3&#8243; disabled_on=&#8221;off|off|off&#8221; _builder_version=&#8221;4.27.6&#8243; _module_preset=&#8221;default&#8221; background_color=&#8221;RGBA(255,255,255,0)&#8221; custom_padding=&#8221;52px||41px||false|false&#8221; border_width_bottom=&#8221;1px&#8221; border_color_bottom=&#8221;#F3EEE8&#8243; global_colors_info=&#8221;{}&#8221;][et_pb_column type=&#8221;1_3&#8243; _builder_version=&#8221;4.18.0&#8243; _module_preset=&#8221;default&#8221; global_colors_info=&#8221;{}&#8221;][et_pb_image src=&#8221;https:\/\/biahposter.com\/wp-content\/uploads\/2026\/03\/Asset-1.svg&#8221; title_text=&#8221;Asset 1&#8243; _builder_version=&#8221;4.27.6&#8243; _module_preset=&#8221;default&#8221; width=&#8221;37%&#8221; width_tablet=&#8221;&#8221; width_phone=&#8221;34%&#8221; width_last_edited=&#8221;on|phone&#8221; max_width_tablet=&#8221;&#8221; max_width_phone=&#8221;&#8221; max_width_last_edited=&#8221;on|phone&#8221; module_alignment=&#8221;left&#8221; global_colors_info=&#8221;{}&#8221; filter_contrast__hover_enabled=&#8221;off|desktop&#8221; filter_saturate__hover_enabled=&#8221;off|desktop&#8221;][\/et_pb_image][et_pb_text _builder_version=&#8221;4.27.5&#8243; _module_preset=&#8221;default&#8221; text_text_color=&#8221;#F2F2F2&#8243; text_font_size=&#8221;16px&#8221; global_colors_info=&#8221;{}&#8221;]<\/p>\n<p>BIAH is a design organization organized by Bolu Abant \u0130zzet Baysal University since 2019.<\/p>\n<p>[\/et_pb_text][et_pb_text _builder_version=&#8221;4.27.5&#8243; _module_preset=&#8221;default&#8221; text_text_color=&#8221;#F2F2F2&#8243; header_text_color=&#8221;#F2F2F2&#8243; header_font_size=&#8221;16px&#8221; text_orientation=&#8221;right&#8221; custom_margin=&#8221;||||false|false&#8221; custom_padding=&#8221;||0px||false|false&#8221; link_option_url=&#8221;https:\/\/maps.app.goo.gl\/hDsDKeBQahHfu8CU7&#8243; global_colors_info=&#8221;{}&#8221;]<\/p>\n<h1 style=\"text-align: left;\"><strong>Address<\/strong><\/h1>\n<p style=\"text-align: left;\">Faculty of Fine Arts, Department of Graphic Arts, Bolu Abant \u0130zzet Baysal University, 14100.<\/p>\n<p>[\/et_pb_text][\/et_pb_column][et_pb_column type=&#8221;1_3&#8243; _builder_version=&#8221;4.18.0&#8243; _module_preset=&#8221;default&#8221; global_colors_info=&#8221;{}&#8221;][et_pb_text disabled_on=&#8221;on|off|off&#8221; _builder_version=&#8221;4.27.5&#8243; _module_preset=&#8221;default&#8221; text_text_color=&#8221;#F1E7DA&#8221; text_font_size=&#8221;17px&#8221; text_orientation=&#8221;right&#8221; link_option_url=&#8221;biahposter.com&#8221; global_colors_info=&#8221;{}&#8221;]<\/p>\n<p>Home<\/p>\n<p>[\/et_pb_text][et_pb_text disabled_on=&#8221;on|off|off&#8221; _builder_version=&#8221;4.27.4&#8243; _module_preset=&#8221;default&#8221; text_text_color=&#8221;#F1E7DA&#8221; text_font_size=&#8221;17px&#8221; text_orientation=&#8221;right&#8221; link_option_url=&#8221;https:\/\/biahposter.com\/jury&#8221; global_colors_info=&#8221;{}&#8221;]<\/p>\n<p>Jury<\/p>\n<p>[\/et_pb_text][et_pb_text disabled_on=&#8221;on|off|off&#8221; _builder_version=&#8221;4.27.4&#8243; _module_preset=&#8221;default&#8221; text_text_color=&#8221;#F1E7DA&#8221; text_font_size=&#8221;17px&#8221; text_orientation=&#8221;right&#8221; link_option_url=&#8221;https:\/\/biahposter.com\/jury&#8221; global_colors_info=&#8221;{}&#8221;]<\/p>\n<p>Boards<\/p>\n<p>[\/et_pb_text][et_pb_text disabled_on=&#8221;on|off|off&#8221; _builder_version=&#8221;4.24.2&#8243; _module_preset=&#8221;default&#8221; text_text_color=&#8221;#F1E7DA&#8221; text_font_size=&#8221;17px&#8221; text_orientation=&#8221;right&#8221; link_option_url=&#8221;https:\/\/biahposter.com\/jury&#8221; global_colors_info=&#8221;{}&#8221;]<\/p>\n<p>Submit<\/p>\n<p>[\/et_pb_text][\/et_pb_column][et_pb_column type=&#8221;1_3&#8243; _builder_version=&#8221;4.18.0&#8243; _module_preset=&#8221;default&#8221; global_colors_info=&#8221;{}&#8221;][et_pb_text disabled_on=&#8221;on|off|off&#8221; _builder_version=&#8221;4.27.4&#8243; _module_preset=&#8221;default&#8221; text_text_color=&#8221;#F1E7DA&#8221; text_font_size=&#8221;17px&#8221; text_orientation=&#8221;right&#8221; link_option_url=&#8221;https:\/\/biahposter.com\/?r3d=2020&#8243; link_option_url_new_window=&#8221;on&#8221; global_colors_info=&#8221;{}&#8221;]<\/p>\n<p>2020<\/p>\n<p>[\/et_pb_text][et_pb_text disabled_on=&#8221;on|off|off&#8221; _builder_version=&#8221;4.27.4&#8243; _module_preset=&#8221;default&#8221; text_text_color=&#8221;#F1E7DA&#8221; text_font_size=&#8221;17px&#8221; text_orientation=&#8221;right&#8221; link_option_url=&#8221;https:\/\/biahposter.com\/?r3d=2021&#8243; link_option_url_new_window=&#8221;on&#8221; global_colors_info=&#8221;{}&#8221;]<\/p>\n<p>2021<\/p>\n<p>[\/et_pb_text][et_pb_text disabled_on=&#8221;on|off|off&#8221; _builder_version=&#8221;4.27.4&#8243; _module_preset=&#8221;default&#8221; text_text_color=&#8221;#F1E7DA&#8221; text_font_size=&#8221;17px&#8221; text_orientation=&#8221;right&#8221; link_option_url=&#8221;https:\/\/biahposter.com\/?r3d=2022&#8243; link_option_url_new_window=&#8221;on&#8221; global_colors_info=&#8221;{}&#8221;]<\/p>\n<p>2022<\/p>\n<p>[\/et_pb_text][et_pb_text disabled_on=&#8221;on|off|off&#8221; _builder_version=&#8221;4.27.4&#8243; _module_preset=&#8221;default&#8221; text_text_color=&#8221;#F1E7DA&#8221; text_font_size=&#8221;17px&#8221; text_orientation=&#8221;right&#8221; link_option_url=&#8221;https:\/\/biahposter.com\/?r3d=2023&#8243; link_option_url_new_window=&#8221;on&#8221; global_colors_info=&#8221;{}&#8221;]<\/p>\n<p>2023<\/p>\n<p>[\/et_pb_text][et_pb_text disabled_on=&#8221;on|off|off&#8221; _builder_version=&#8221;4.27.4&#8243; _module_preset=&#8221;default&#8221; text_text_color=&#8221;#F1E7DA&#8221; text_font_size=&#8221;17px&#8221; text_orientation=&#8221;right&#8221; link_option_url=&#8221;https:\/\/biahposter.com\/?r3d=2024-1&#8243; link_option_url_new_window=&#8221;on&#8221; global_colors_info=&#8221;{}&#8221;]<\/p>\n<p>2024<\/p>\n<p>[\/et_pb_text][et_pb_text disabled_on=&#8221;on|off|off&#8221; _builder_version=&#8221;4.27.5&#8243; _module_preset=&#8221;default&#8221; text_text_color=&#8221;#F1E7DA&#8221; text_font_size=&#8221;17px&#8221; text_orientation=&#8221;right&#8221; link_option_url=&#8221;https:\/\/biahposter.com\/?r3d=2024-1&#8243; link_option_url_new_window=&#8221;on&#8221; global_colors_info=&#8221;{}&#8221;]<\/p>\n<p>2025<\/p>\n<p>[\/et_pb_text][et_pb_text disabled_on=&#8221;on|off|off&#8221; _builder_version=&#8221;4.24.2&#8243; _module_preset=&#8221;default&#8221; text_text_color=&#8221;#F1E7DA&#8221; text_font_size=&#8221;17px&#8221; text_orientation=&#8221;right&#8221; link_option_url=&#8221;https:\/\/www.instagram.com\/biahposter&#8221; link_option_url_new_window=&#8221;on&#8221; global_colors_info=&#8221;{}&#8221;]<\/p>\n<p>Instagram<\/p>\n<p>[\/et_pb_text][\/et_pb_column][\/et_pb_row][et_pb_row column_structure=&#8221;1_2,1_2&#8243; _builder_version=&#8221;4.27.4&#8243; _module_preset=&#8221;default&#8221; global_colors_info=&#8221;{}&#8221;][et_pb_column type=&#8221;1_2&#8243; _builder_version=&#8221;4.27.4&#8243; _module_preset=&#8221;default&#8221; global_colors_info=&#8221;{}&#8221;][et_pb_text _builder_version=&#8221;4.27.5&#8243; _module_preset=&#8221;default&#8221; text_text_color=&#8221;rgba(241,231,218,0.36)&#8221; text_font_size=&#8221;15px&#8221; global_colors_info=&#8221;{}&#8221;]<\/p>\n<p>Bolu Abant \u0130zzet Baysal University, 2026.<\/p>\n<p>[\/et_pb_text][\/et_pb_column][et_pb_column type=&#8221;1_2&#8243; _builder_version=&#8221;4.27.4&#8243; _module_preset=&#8221;default&#8221; global_colors_info=&#8221;{}&#8221;][\/et_pb_column][\/et_pb_row][\/et_pb_section]<\/p>\n","protected":false},"excerpt":{"rendered":"<p>BIAH, Bolu Abant \u0130zzet Baysal \u00dcniversitesi taraf\u0131ndan d\u00fczenlenen bir afi\u015f tasar\u0131m yar\u0131\u015fmas\u0131d\u0131r. Bu y\u0131l 6.s\u0131 d\u00fczenlenen yar\u0131\u015fmaya kat\u0131lmak i\u00e7in hemen t\u0131klay\u0131n.<\/p>","protected":false},"author":1,"featured_media":1151,"parent":0,"menu_order":0,"comment_status":"closed","ping_status":"closed","template":"","meta":{"_et_pb_use_builder":"on","_et_pb_old_content":"","_et_gb_content_width":"","footnotes":""},"class_list":["post-3122","page","type-page","status-publish","has-post-thumbnail","hentry"],"_links":{"self":[{"href":"https:\/\/biahposter.com\/tr\/wp-json\/wp\/v2\/pages\/3122","targetHints":{"allow":["GET"]}}],"collection":[{"href":"https:\/\/biahposter.com\/tr\/wp-json\/wp\/v2\/pages"}],"about":[{"href":"https:\/\/biahposter.com\/tr\/wp-json\/wp\/v2\/types\/page"}],"author":[{"embeddable":true,"href":"https:\/\/biahposter.com\/tr\/wp-json\/wp\/v2\/users\/1"}],"replies":[{"embeddable":true,"href":"https:\/\/biahposter.com\/tr\/wp-json\/wp\/v2\/comments?post=3122"}],"version-history":[{"count":0,"href":"https:\/\/biahposter.com\/tr\/wp-json\/wp\/v2\/pages\/3122\/revisions"}],"wp:featuredmedia":[{"embeddable":true,"href":"https:\/\/biahposter.com\/tr\/wp-json\/wp\/v2\/media\/1151"}],"wp:attachment":[{"href":"https:\/\/biahposter.com\/tr\/wp-json\/wp\/v2\/media?parent=3122"}],"curies":[{"name":"wp","href":"https:\/\/api.w.org\/{rel}","templated":true}]}}