{"id":326,"date":"2022-10-24T22:22:26","date_gmt":"2022-10-24T19:22:26","guid":{"rendered":"https:\/\/biahposter.com\/?page_id=326"},"modified":"2026-03-31T23:27:13","modified_gmt":"2026-03-31T20:27:13","slug":"contact","status":"publish","type":"page","link":"https:\/\/biahposter.com\/tr\/contact\/","title":{"rendered":"\u0130leti\u015fim"},"content":{"rendered":"<p>[et_pb_section fb_built=&#8221;1&#8243; _builder_version=&#8221;4.27.5&#8243; _module_preset=&#8221;default&#8221; background_color=&#8221;#D1EEFF&#8221; custom_padding=&#8221;0px||0px||false|false&#8221; border_width_bottom=&#8221;2px&#8221; border_color_bottom=&#8221;#000000&#8243; global_module=&#8221;2960&#8243; global_colors_info=&#8221;{}&#8221;][et_pb_row _builder_version=&#8221;4.24.2&#8243; _module_preset=&#8221;default&#8221; global_colors_info=&#8221;{}&#8221;][et_pb_column type=&#8221;4_4&#8243; _builder_version=&#8221;4.24.2&#8243; _module_preset=&#8221;default&#8221; global_colors_info=&#8221;{}&#8221;][et_pb_menu active_link_color=&#8221;#333333&#8243; dropdown_menu_bg_color=&#8221;#D1EEFF&#8221; dropdown_menu_line_color=&#8221;#333333&#8243; dropdown_menu_text_color=&#8221;#333333&#8243; dropdown_menu_active_link_color=&#8221;#333333&#8243; mobile_menu_bg_color=&#8221;#D1EEFF&#8221; mobile_menu_text_color=&#8221;#333333&#8243; cart_icon_color=&#8221;#333333&#8243; search_icon_color=&#8221;#333333&#8243; menu_icon_color=&#8221;#333333&#8243; _builder_version=&#8221;4.27.6&#8243; _module_preset=&#8221;default&#8221; menu_font=&#8221;|600|||||||&#8221; menu_text_color=&#8221;#333333&#8243; menu_font_size=&#8221;17px&#8221; background_color=&#8221;RGBA(255,255,255,0)&#8221; global_colors_info=&#8221;{}&#8221;][\/et_pb_menu][\/et_pb_column][\/et_pb_row][\/et_pb_section][et_pb_section fb_built=&#8221;1&#8243; _builder_version=&#8221;4.27.5&#8243; _module_preset=&#8221;default&#8221; background_color=&#8221;#F2F2F2&#8243; height=&#8221;100vh&#8221; custom_padding=&#8221;155px|||||&#8221; global_colors_info=&#8221;{}&#8221;][et_pb_row _builder_version=&#8221;4.27.4&#8243; _module_preset=&#8221;default&#8221; global_colors_info=&#8221;{}&#8221;][et_pb_column type=&#8221;4_4&#8243; _builder_version=&#8221;4.27.4&#8243; _module_preset=&#8221;default&#8221; global_colors_info=&#8221;{}&#8221;][et_pb_text _builder_version=&#8221;4.27.5&#8243; _module_preset=&#8221;default&#8221; text_font=&#8221;||on||||||&#8221; text_text_color=&#8221;#333333&#8243; text_font_size=&#8221;82px&#8221; text_orientation=&#8221;center&#8221; link_option_url=&#8221;mailto:biah@ef.ibu.edu.tr&#8221; text_font_size_tablet=&#8221;82px&#8221; text_font_size_phone=&#8221;39px&#8221; text_font_size_last_edited=&#8221;on|phone&#8221; global_colors_info=&#8221;{}&#8221;]<\/p>\n<p style=\"text-align: left;\"><strong>biah<\/strong>@ef.ibu.edu.tr<\/p>\n<p>[\/et_pb_text][et_pb_text _builder_version=&#8221;4.27.6&#8243; _module_preset=&#8221;default&#8221; text_font=&#8221;||on||||||&#8221; text_text_color=&#8221;#333333&#8243; text_font_size=&#8221;82px&#8221; text_orientation=&#8221;center&#8221; custom_margin=&#8221;112px||||false|false&#8221; animation_style=&#8221;fade&#8221; link_option_url=&#8221;instagram.com\/biahposter\/&#8221; hover_enabled=&#8221;0&#8243; text_font_size_tablet=&#8221;82px&#8221; text_font_size_phone=&#8221;39px&#8221; text_font_size_last_edited=&#8221;on|phone&#8221; global_colors_info=&#8221;{}&#8221; custom_margin_last_edited=&#8221;on|phone&#8221; custom_margin_phone=&#8221;63px||||false|false&#8221; text_line_height_last_edited=&#8221;on|phone&#8221; text_line_height_phone=&#8221;1.3em&#8221; sticky_enabled=&#8221;0&#8243; custom_margin_tablet=&#8221;112px||||false|false&#8221;]<\/p>\n<p style=\"text-align: left;\">instagram:<b> biahposter<\/b><\/p>\n<p>[\/et_pb_text][\/et_pb_column][\/et_pb_row][\/et_pb_section]<\/p>\n","protected":false},"excerpt":{"rendered":"<p>BIAH, Bolu Abant \u0130zzet Baysal \u00dcniversitesi taraf\u0131ndan d\u00fczenlenen bir afi\u015f tasar\u0131m yar\u0131\u015fmas\u0131d\u0131r. Bu y\u0131l 6.s\u0131 d\u00fczenlenen yar\u0131\u015fmaya kat\u0131lmak i\u00e7in hemen t\u0131klay\u0131n.<\/p>","protected":false},"author":1,"featured_media":1151,"parent":0,"menu_order":0,"comment_status":"closed","ping_status":"closed","template":"","meta":{"_et_pb_use_builder":"on","_et_pb_old_content":"","_et_gb_content_width":"","footnotes":""},"class_list":["post-326","page","type-page","status-publish","has-post-thumbnail","hentry"],"_links":{"self":[{"href":"https:\/\/biahposter.com\/tr\/wp-json\/wp\/v2\/pages\/326","targetHints":{"allow":["GET"]}}],"collection":[{"href":"https:\/\/biahposter.com\/tr\/wp-json\/wp\/v2\/pages"}],"about":[{"href":"https:\/\/biahposter.com\/tr\/wp-json\/wp\/v2\/types\/page"}],"author":[{"embeddable":true,"href":"https:\/\/biahposter.com\/tr\/wp-json\/wp\/v2\/users\/1"}],"replies":[{"embeddable":true,"href":"https:\/\/biahposter.com\/tr\/wp-json\/wp\/v2\/comments?post=326"}],"version-history":[{"count":0,"href":"https:\/\/biahposter.com\/tr\/wp-json\/wp\/v2\/pages\/326\/revisions"}],"wp:featuredmedia":[{"embeddable":true,"href":"https:\/\/biahposter.com\/tr\/wp-json\/wp\/v2\/media\/1151"}],"wp:attachment":[{"href":"https:\/\/biahposter.com\/tr\/wp-json\/wp\/v2\/media?parent=326"}],"curies":[{"name":"wp","href":"https:\/\/api.w.org\/{rel}","templated":true}]}}